{"id":323,"date":"2015-03-02T20:16:33","date_gmt":"2015-03-02T20:16:33","guid":{"rendered":"http:\/\/prueba.jewishspain.info\/?page_id=323"},"modified":"2015-03-02T20:35:07","modified_gmt":"2015-03-02T20:35:07","slug":"andalusia-2","status":"publish","type":"page","link":"http:\/\/prueba.jewishspain.info\/?page_id=323","title":{"rendered":"Andalusia"},"content":{"rendered":"<p><strong>CONGREGATIONS<\/strong><br \/>\nComunidad Jud\u00eda de Sevilla<br \/>\nComunidad Israelita de M\u00e1laga<br \/>\nComunidad Jud\u00eda de Torremolinos<br \/>\nComunidad Jud\u00eda de Andaluc\u00eda Beit Rambam<br \/>\nJavura de Rota<br \/>\nCentro Comunitario Israelita de Marbella<br \/>\nJabad Marbella<\/p>\n<p><strong>KASHRUT<\/strong><br \/>\nMos\u00e9 Forado, M\u00e1laga<br \/>\nGourmet Deli Kosher, M\u00e1laga<br \/>\nCash and Cash, Torremolinos<br \/>\nCatering Comunidad Israelita de Marbella<br \/>\nEl Corte Ingl\u00e9s &#8220;Costa Marbella&#8221; supermercado, secci\u00f3n casher<br \/>\ns\/n Puerto Ban\u00fas, Marbella Tel: (34) 952 909 990<\/p>\n<p><strong>ART &amp; CULTURE<\/strong><br \/>\nMacabbi Costa del Sol<\/p>\n<p><strong>LOCAL MUSEUMS and CENTERS<\/strong><br \/>\nCasa de Sefarad, C\u00f3rdoba<br \/>\nPalacio de los olvidados, Granada<br \/>\nCentro de Interpretaci\u00f3n de la Juder\u00eda, Sevilla<\/p>\n<p><strong>PROGRAMS and\u00a0VISITS by MEMBERS of the COMMUNITY<\/strong><br \/>\nJewish Sevilla and Cordoba<\/p>\n","protected":false},"excerpt":{"rendered":"<p>CONGREGATIONS Comunidad Jud\u00eda de Sevilla Comunidad Israelita de M\u00e1laga Comunidad Jud\u00eda de Torremolinos Comunidad Jud\u00eda de Andaluc\u00eda Beit Rambam Javura de Rota Centro Comunitario Israelita de Marbella Jabad Marbella KASHRUT Mos\u00e9 Forado, M\u00e1laga Gourmet Deli Kosher, M\u00e1laga Cash and Cash, Torremolinos Catering Comunidad Israelita de Marbella El Corte Ingl\u00e9s &#8220;Costa Marbella&#8221; supermercado, secci\u00f3n casher s\/n [&hellip;]<\/p>\n","protected":false},"author":1,"featured_media":0,"parent":0,"menu_order":0,"comment_status":"closed","ping_status":"closed","template":"","meta":{"footnotes":""},"class_list":["post-323","page","type-page","status-publish","hentry"],"_links":{"self":[{"href":"http:\/\/prueba.jewishspain.info\/index.php?rest_route=\/wp\/v2\/pages\/323","targetHints":{"allow":["GET"]}}],"collection":[{"href":"http:\/\/prueba.jewishspain.info\/index.php?rest_route=\/wp\/v2\/pages"}],"about":[{"href":"http:\/\/prueba.jewishspain.info\/index.php?rest_route=\/wp\/v2\/types\/page"}],"author":[{"embeddable":true,"href":"http:\/\/prueba.jewishspain.info\/index.php?rest_route=\/wp\/v2\/users\/1"}],"replies":[{"embeddable":true,"href":"http:\/\/prueba.jewishspain.info\/index.php?rest_route=%2Fwp%2Fv2%2Fcomments&post=323"}],"version-history":[{"count":7,"href":"http:\/\/prueba.jewishspain.info\/index.php?rest_route=\/wp\/v2\/pages\/323\/revisions"}],"predecessor-version":[{"id":325,"href":"http:\/\/prueba.jewishspain.info\/index.php?rest_route=\/wp\/v2\/pages\/323\/revisions\/325"}],"wp:attachment":[{"href":"http:\/\/prueba.jewishspain.info\/index.php?rest_route=%2Fwp%2Fv2%2Fmedia&parent=323"}],"curies":[{"name":"wp","href":"https:\/\/api.w.org\/{rel}","templated":true}]}}