{"id":29,"date":"2015-01-15T16:39:26","date_gmt":"2015-01-15T16:39:26","guid":{"rendered":"http:\/\/prueba.jewishspain.info\/?page_id=29"},"modified":"2015-02-19T20:46:39","modified_gmt":"2015-02-19T20:46:39","slug":"enlaces-de-interes","status":"publish","type":"page","link":"http:\/\/prueba.jewishspain.info\/?page_id=29","title":{"rendered":"Other links"},"content":{"rendered":"<p><a href=\"http:\/\/prueba.jewishspain.info\/wp-content\/uploads\/2015\/02\/ENLACES2.jpg\"><img loading=\"lazy\" decoding=\"async\" src=\"http:\/\/prueba.jewishspain.info\/wp-content\/uploads\/2015\/02\/ENLACES2.jpg\" alt=\"ENLACES2\" width=\"142\" height=\"142\" class=\"alignnone size-full wp-image-174\" \/><\/a><\/p>\n<p>Informaci\u00f3n adicional de inter\u00e9s para la comunidad jud\u00eda de Espa\u00f1a<br \/>\ny dem\u00e1s visitantes de Jewish Spain info.<\/p>\n<p>\u2022 Fundaci\u00f3n Tres Culturas del Mediterr\u00e1neo<br \/>\nforo para el di\u00e1logo y la tolerancia<\/p>\n<p>\u2022 Israel shel\u00ed<br \/>\nliteratura y m\u00fasica de Israel<\/p>\n<p>\u2022 Departamento de Hagsham\u00e1<br \/>\ndepartamento de la Organizaci\u00f3n Sionista Mundial para j\u00f3venes<\/p>\n<p>\u2022 Jinuj.net<br \/>\nmaterial para educaci\u00f3n no formal<\/p>\n<p>\u2022 Hebreos NET<br \/>\nrecursos para el conocimiento de nuestras tradiciones<\/p>\n<p>\u2022 Cupido Jai<br \/>\ncontactos con singles jud\u00edos hispanoparlantes en el mundo<\/p>\n<p>\u2022 Kosher Delight<br \/>\nrevista jud\u00eda on-line con variedad de enlaces<br \/>\ns\u00f3lo en ingl\u00e9s<\/p>\n<p>\u2022 Jewish Spain<br \/>\nsecci\u00f3n sobre Espa\u00f1a de la Gu\u00eda Jud\u00eda de Europa de Chabad<br \/>\ns\u00f3lo en ingl\u00e9s<\/p>\n<p>\u2022 European Union of Jewish Students<br \/>\nprogramas internacionales para estudiantes jud\u00edos<br \/>\ns\u00f3lo en ingl\u00e9s<\/p>\n<p>\u2022 European Association for Jewish Culture<br \/>\nsubsidios para el fomento de la creaci\u00f3n cultural jud\u00eda<br \/>\ns\u00f3lo en ingl\u00e9s y en franc\u00e9s<\/p>\n<p>\u2022 Aprender de la historia<br \/>\nnazismo y holocausto en la educaci\u00f3n en Alemania<\/p>\n<p>\u2022 Desde Sefarad<br \/>\ncomentarios sobre el conflicto palestino-israel\u00ed en los medios<\/p>\n<p>\u2022 Movimiento contra la intolerancia<\/p>\n<p>\u2022 Art\u00edculos de Pilar Rahola<br \/>\nsobre Israel y el mundo jud\u00edo<\/p>\n<p>\u2022 Take a pen!<br \/>\ncampa\u00f1a para equilibrar la difusi\u00f3n sobre Israel en los medios<\/p>\n","protected":false},"excerpt":{"rendered":"<p>Informaci\u00f3n adicional de inter\u00e9s para la comunidad jud\u00eda de Espa\u00f1a y dem\u00e1s visitantes de Jewish Spain info. \u2022 Fundaci\u00f3n Tres Culturas del Mediterr\u00e1neo foro para el di\u00e1logo y la tolerancia \u2022 Israel shel\u00ed literatura y m\u00fasica de Israel \u2022 Departamento de Hagsham\u00e1 departamento de la Organizaci\u00f3n Sionista Mundial para j\u00f3venes \u2022 Jinuj.net material para educaci\u00f3n [&hellip;]<\/p>\n","protected":false},"author":1,"featured_media":0,"parent":0,"menu_order":11,"comment_status":"closed","ping_status":"closed","template":"","meta":{"footnotes":""},"class_list":["post-29","page","type-page","status-publish","hentry"],"_links":{"self":[{"href":"http:\/\/prueba.jewishspain.info\/index.php?rest_route=\/wp\/v2\/pages\/29","targetHints":{"allow":["GET"]}}],"collection":[{"href":"http:\/\/prueba.jewishspain.info\/index.php?rest_route=\/wp\/v2\/pages"}],"about":[{"href":"http:\/\/prueba.jewishspain.info\/index.php?rest_route=\/wp\/v2\/types\/page"}],"author":[{"embeddable":true,"href":"http:\/\/prueba.jewishspain.info\/index.php?rest_route=\/wp\/v2\/users\/1"}],"replies":[{"embeddable":true,"href":"http:\/\/prueba.jewishspain.info\/index.php?rest_route=%2Fwp%2Fv2%2Fcomments&post=29"}],"version-history":[{"count":6,"href":"http:\/\/prueba.jewishspain.info\/index.php?rest_route=\/wp\/v2\/pages\/29\/revisions"}],"predecessor-version":[{"id":188,"href":"http:\/\/prueba.jewishspain.info\/index.php?rest_route=\/wp\/v2\/pages\/29\/revisions\/188"}],"wp:attachment":[{"href":"http:\/\/prueba.jewishspain.info\/index.php?rest_route=%2Fwp%2Fv2%2Fmedia&parent=29"}],"curies":[{"name":"wp","href":"https:\/\/api.w.org\/{rel}","templated":true}]}}