{"id":27,"date":"2015-01-15T16:38:45","date_gmt":"2015-01-15T16:38:45","guid":{"rendered":"http:\/\/prueba.jewishspain.info\/?page_id=27"},"modified":"2015-03-03T09:18:42","modified_gmt":"2015-03-03T09:18:42","slug":"recorridos-guiados","status":"publish","type":"page","link":"http:\/\/prueba.jewishspain.info\/?page_id=27","title":{"rendered":"Guided routes"},"content":{"rendered":"<p><a href=\"http:\/\/prueba.jewishspain.info\/wp-content\/uploads\/2015\/03\/RUTAS-2.jpg\"><img loading=\"lazy\" decoding=\"async\" class=\"alignnone size-full wp-image-434\" src=\"http:\/\/prueba.jewishspain.info\/wp-content\/uploads\/2015\/03\/RUTAS-2.jpg\" alt=\"RUTAS 2\" width=\"142\" height=\"142\" \/><\/a><\/p>\n<p>Ofrecidos por miembros de la comunidad jud\u00eda.<\/p>\n<p>BARCELONA JUD\u00cdA<br \/>\n\u2022 Urban Cultours project<\/p>\n<p>SEVILLA JUD\u00cdA<br \/>\n\u2022 Jewish Sevilla<\/p>\n<p>TOLEDO JUD\u00cdA<br \/>\n\u2022 Jabad Spain<br \/>\n\u2022 Salomon Hanoka<\/p>\n<p>VALENCIA JUD\u00cdA<br \/>\n\u2022 La Javur\u00e1<\/p>\n<p>ESPA\u00d1A JUD\u00cdA<br \/>\n\u2022 Roots of Sefarad:<br \/>\nrutas en Espa\u00f1a y Portugal para grupos pre-montados<\/p>\n","protected":false},"excerpt":{"rendered":"<p>Ofrecidos por miembros de la comunidad jud\u00eda. BARCELONA JUD\u00cdA \u2022 Urban Cultours project SEVILLA JUD\u00cdA \u2022 Jewish Sevilla TOLEDO JUD\u00cdA \u2022 Jabad Spain \u2022 Salomon Hanoka VALENCIA JUD\u00cdA \u2022 La Javur\u00e1 ESPA\u00d1A JUD\u00cdA \u2022 Roots of Sefarad: rutas en Espa\u00f1a y Portugal para grupos pre-montados<\/p>\n","protected":false},"author":1,"featured_media":0,"parent":0,"menu_order":10,"comment_status":"closed","ping_status":"closed","template":"","meta":{"footnotes":""},"class_list":["post-27","page","type-page","status-publish","hentry"],"_links":{"self":[{"href":"http:\/\/prueba.jewishspain.info\/index.php?rest_route=\/wp\/v2\/pages\/27","targetHints":{"allow":["GET"]}}],"collection":[{"href":"http:\/\/prueba.jewishspain.info\/index.php?rest_route=\/wp\/v2\/pages"}],"about":[{"href":"http:\/\/prueba.jewishspain.info\/index.php?rest_route=\/wp\/v2\/types\/page"}],"author":[{"embeddable":true,"href":"http:\/\/prueba.jewishspain.info\/index.php?rest_route=\/wp\/v2\/users\/1"}],"replies":[{"embeddable":true,"href":"http:\/\/prueba.jewishspain.info\/index.php?rest_route=%2Fwp%2Fv2%2Fcomments&post=27"}],"version-history":[{"count":7,"href":"http:\/\/prueba.jewishspain.info\/index.php?rest_route=\/wp\/v2\/pages\/27\/revisions"}],"predecessor-version":[{"id":435,"href":"http:\/\/prueba.jewishspain.info\/index.php?rest_route=\/wp\/v2\/pages\/27\/revisions\/435"}],"wp:attachment":[{"href":"http:\/\/prueba.jewishspain.info\/index.php?rest_route=%2Fwp%2Fv2%2Fmedia&parent=27"}],"curies":[{"name":"wp","href":"https:\/\/api.w.org\/{rel}","templated":true}]}}