{"id":25,"date":"2015-01-15T16:38:15","date_gmt":"2015-01-15T16:38:15","guid":{"rendered":"http:\/\/prueba.jewishspain.info\/?page_id=25"},"modified":"2015-02-19T20:45:57","modified_gmt":"2015-02-19T20:45:57","slug":"sitios-historicos","status":"publish","type":"page","link":"http:\/\/prueba.jewishspain.info\/?page_id=25","title":{"rendered":"Heritage sites"},"content":{"rendered":"<p><a href=\"http:\/\/prueba.jewishspain.info\/wp-content\/uploads\/2015\/02\/LANDMARKS.-4.jpg\"><img loading=\"lazy\" decoding=\"async\" src=\"http:\/\/prueba.jewishspain.info\/wp-content\/uploads\/2015\/02\/LANDMARKS.-4.jpg\" alt=\"LANDMARKS. 4\" width=\"142\" height=\"142\" class=\"alignnone size-full wp-image-169\" \/><\/a><\/p>\n<p>GESTIONADOS POR MIEMBROS DE LA COMUNIDAD JUD\u00cdA<\/p>\n<p>BARCELONA<br \/>\n\u2022 Centro de Estudios ZAKHOR<br \/>\npara la protecci\u00f3n y la transmisi\u00f3n del patrimonio jud\u00edo<br \/>\n\u2022 Associaci\u00f3 Call de Barcelona<br \/>\nproyecto de recuperaci\u00f3n de la Antigua Sinagoga Mayor<br \/>\nGESTIONADOS POR LA ADMINISTRACI\u00d3N P\u00daBLICA<\/p>\n<p>B\u00c9JAR<br \/>\n\u2022 Museo jud\u00edo David Melul<\/p>\n<p>GIRONA<br \/>\n\u2022 Museo de historia de los jud\u00edos<\/p>\n","protected":false},"excerpt":{"rendered":"<p>GESTIONADOS POR MIEMBROS DE LA COMUNIDAD JUD\u00cdA BARCELONA \u2022 Centro de Estudios ZAKHOR para la protecci\u00f3n y la transmisi\u00f3n del patrimonio jud\u00edo \u2022 Associaci\u00f3 Call de Barcelona proyecto de recuperaci\u00f3n de la Antigua Sinagoga Mayor GESTIONADOS POR LA ADMINISTRACI\u00d3N P\u00daBLICA B\u00c9JAR \u2022 Museo jud\u00edo David Melul GIRONA \u2022 Museo de historia de los jud\u00edos<\/p>\n","protected":false},"author":1,"featured_media":0,"parent":0,"menu_order":9,"comment_status":"closed","ping_status":"closed","template":"","meta":{"footnotes":""},"class_list":["post-25","page","type-page","status-publish","hentry"],"_links":{"self":[{"href":"http:\/\/prueba.jewishspain.info\/index.php?rest_route=\/wp\/v2\/pages\/25","targetHints":{"allow":["GET"]}}],"collection":[{"href":"http:\/\/prueba.jewishspain.info\/index.php?rest_route=\/wp\/v2\/pages"}],"about":[{"href":"http:\/\/prueba.jewishspain.info\/index.php?rest_route=\/wp\/v2\/types\/page"}],"author":[{"embeddable":true,"href":"http:\/\/prueba.jewishspain.info\/index.php?rest_route=\/wp\/v2\/users\/1"}],"replies":[{"embeddable":true,"href":"http:\/\/prueba.jewishspain.info\/index.php?rest_route=%2Fwp%2Fv2%2Fcomments&post=25"}],"version-history":[{"count":5,"href":"http:\/\/prueba.jewishspain.info\/index.php?rest_route=\/wp\/v2\/pages\/25\/revisions"}],"predecessor-version":[{"id":186,"href":"http:\/\/prueba.jewishspain.info\/index.php?rest_route=\/wp\/v2\/pages\/25\/revisions\/186"}],"wp:attachment":[{"href":"http:\/\/prueba.jewishspain.info\/index.php?rest_route=%2Fwp%2Fv2%2Fmedia&parent=25"}],"curies":[{"name":"wp","href":"https:\/\/api.w.org\/{rel}","templated":true}]}}