{"id":19,"date":"2015-01-15T16:36:42","date_gmt":"2015-01-15T16:36:42","guid":{"rendered":"http:\/\/prueba.jewishspain.info\/?page_id=19"},"modified":"2015-03-03T09:10:27","modified_gmt":"2015-03-03T09:10:27","slug":"arte-cultura","status":"publish","type":"page","link":"http:\/\/prueba.jewishspain.info\/?page_id=19","title":{"rendered":"Art &#038; Cultura"},"content":{"rendered":"<p><a href=\"http:\/\/prueba.jewishspain.info\/wp-content\/uploads\/2015\/03\/CULTURA.jpg\"><img loading=\"lazy\" decoding=\"async\" class=\"alignnone size-full wp-image-426\" src=\"http:\/\/prueba.jewishspain.info\/wp-content\/uploads\/2015\/03\/CULTURA.jpg\" alt=\"CULTURA\" width=\"142\" height=\"142\" \/><\/a><\/p>\n<p><strong>BARCELONA<\/strong><br \/>\n\u2022 <strong>Fundaci\u00f3n Baruch Spinoza<\/strong> divulgaci\u00f3n de cultura jud\u00eda<br \/>\n\u2022 <strong>Mashal\u00e1<\/strong> m\u00fasica sefard\u00ed<br \/>\n\u2022 <strong>Tikun Klezmer Band<\/strong> m\u00fasica klezmer<br \/>\n\u2022 <strong>Festival de Cine Jud\u00edo de Barcelona<\/strong><\/p>\n<p><strong>LLEIDA<\/strong> (Catalunya)<br \/>\n\u2022 <strong>Tarbut Sefarad<\/strong> amigos de la cultura hebrea<\/p>\n<p><strong>MADRID<\/strong><br \/>\n\u2022 <strong>Maccabi Espa\u00f1a<\/strong> deporte, cultura y tiempo libre<br \/>\n\u2022 <strong>Hebreo Vivo<\/strong><br \/>\ndifusi\u00f3n de la lengua y cultura hebreas para hispanoparlantes<br \/>\n\u2022 <strong>Centro de documentaci\u00f3n y estudios Mois\u00e9s de Le\u00f3n <\/strong>cultura e historia sefard\u00ed<br \/>\n\u2022 <strong>Tr\u00edo Sefarad<\/strong> m\u00fasica sefard\u00ed<\/p>\n<p><strong>MALAGA<\/strong><br \/>\n\u2022 <strong>Maccabi Costa del Sol<\/strong> deporte, cultura y tiempo libre<\/p>\n<p><strong>PALMA DE MALLORCA<\/strong><br \/>\n\u2022 <strong>Instituto de relaciones culturales Baleares\/Israel<\/strong> actividades culturales<\/p>\n<p><strong>UNCASTILLO<\/strong> (Arag\u00f3n)<br \/>\n\u2022 <strong>Ulp\u00e1n de verano<\/strong><\/p>\n<p><strong>REUS<\/strong> (Catalunya)<br \/>\n\u2022 <strong>ARCCI<\/strong><br \/>\nAsociaci\u00f3n de relaciones culturales Catalunya-Israel<\/p>\n<p>Las comunidades tambi\u00e9n organizan actividades culturales.<\/p>\n","protected":false},"excerpt":{"rendered":"<p>BARCELONA \u2022 Fundaci\u00f3n Baruch Spinoza divulgaci\u00f3n de cultura jud\u00eda \u2022 Mashal\u00e1 m\u00fasica sefard\u00ed \u2022 Tikun Klezmer Band m\u00fasica klezmer \u2022 Festival de Cine Jud\u00edo de Barcelona LLEIDA (Catalunya) \u2022 Tarbut Sefarad amigos de la cultura hebrea MADRID \u2022 Maccabi Espa\u00f1a deporte, cultura y tiempo libre \u2022 Hebreo Vivo difusi\u00f3n de la lengua y cultura hebreas [&hellip;]<\/p>\n","protected":false},"author":1,"featured_media":0,"parent":0,"menu_order":6,"comment_status":"closed","ping_status":"closed","template":"","meta":{"footnotes":""},"class_list":["post-19","page","type-page","status-publish","hentry"],"_links":{"self":[{"href":"http:\/\/prueba.jewishspain.info\/index.php?rest_route=\/wp\/v2\/pages\/19","targetHints":{"allow":["GET"]}}],"collection":[{"href":"http:\/\/prueba.jewishspain.info\/index.php?rest_route=\/wp\/v2\/pages"}],"about":[{"href":"http:\/\/prueba.jewishspain.info\/index.php?rest_route=\/wp\/v2\/types\/page"}],"author":[{"embeddable":true,"href":"http:\/\/prueba.jewishspain.info\/index.php?rest_route=\/wp\/v2\/users\/1"}],"replies":[{"embeddable":true,"href":"http:\/\/prueba.jewishspain.info\/index.php?rest_route=%2Fwp%2Fv2%2Fcomments&post=19"}],"version-history":[{"count":14,"href":"http:\/\/prueba.jewishspain.info\/index.php?rest_route=\/wp\/v2\/pages\/19\/revisions"}],"predecessor-version":[{"id":427,"href":"http:\/\/prueba.jewishspain.info\/index.php?rest_route=\/wp\/v2\/pages\/19\/revisions\/427"}],"wp:attachment":[{"href":"http:\/\/prueba.jewishspain.info\/index.php?rest_route=%2Fwp%2Fv2%2Fmedia&parent=19"}],"curies":[{"name":"wp","href":"https:\/\/api.w.org\/{rel}","templated":true}]}}