{"id":17,"date":"2015-01-15T16:36:12","date_gmt":"2015-01-15T16:36:12","guid":{"rendered":"http:\/\/prueba.jewishspain.info\/?page_id=17"},"modified":"2015-02-28T10:20:39","modified_gmt":"2015-02-28T10:20:39","slug":"grupos-de-interes","status":"publish","type":"page","link":"http:\/\/prueba.jewishspain.info\/?page_id=17","title":{"rendered":"Interest groups"},"content":{"rendered":"<p><a href=\"http:\/\/prueba.jewishspain.info\/wp-content\/uploads\/2015\/02\/GRUPOS-3-r.jpg\"><img loading=\"lazy\" decoding=\"async\" class=\"alignnone size-full wp-image-166\" src=\"http:\/\/prueba.jewishspain.info\/wp-content\/uploads\/2015\/02\/GRUPOS-3-r.jpg\" alt=\"PENTAX Image\" width=\"142\" height=\"142\" \/><\/a><\/p>\n<p>A CORU\u00d1A<br \/>\n\u2022 Javur\u00e1 progresista Ner Tamid<\/p>\n<p>BARCELONA<br \/>\n\u2022 Sociedad de Genealog\u00eda Jud\u00eda de Espa\u00f1a<br \/>\n\u2022 Cambra de Comer\u00e7 Catalunya Israel<br \/>\npara profundizar los lazos econ\u00f3micos y culturales<br \/>\n\u2022 JNetwork<br \/>\npara desarrollar oportunidades laborales dentro de la comunidad<\/p>\n<p>MADRID<br \/>\n\u2022 C\u00e1mara de Comercio e Industria de Espa\u00f1a e Israel<br \/>\ncolaboraci\u00f3n entre empresas y administraciones p\u00fablicas<br \/>\n\u2022 JUE &#8211; Jud\u00edos Universitarios Espa\u00f1oles<br \/>\n\u2022 Jewish Business Club intercambio entre profesionales<\/p>\n","protected":false},"excerpt":{"rendered":"<p>A CORU\u00d1A \u2022 Javur\u00e1 progresista Ner Tamid BARCELONA \u2022 Sociedad de Genealog\u00eda Jud\u00eda de Espa\u00f1a \u2022 Cambra de Comer\u00e7 Catalunya Israel para profundizar los lazos econ\u00f3micos y culturales \u2022 JNetwork para desarrollar oportunidades laborales dentro de la comunidad MADRID \u2022 C\u00e1mara de Comercio e Industria de Espa\u00f1a e Israel colaboraci\u00f3n entre empresas y administraciones p\u00fablicas [&hellip;]<\/p>\n","protected":false},"author":1,"featured_media":0,"parent":0,"menu_order":5,"comment_status":"closed","ping_status":"closed","template":"","meta":{"footnotes":""},"class_list":["post-17","page","type-page","status-publish","hentry"],"_links":{"self":[{"href":"http:\/\/prueba.jewishspain.info\/index.php?rest_route=\/wp\/v2\/pages\/17","targetHints":{"allow":["GET"]}}],"collection":[{"href":"http:\/\/prueba.jewishspain.info\/index.php?rest_route=\/wp\/v2\/pages"}],"about":[{"href":"http:\/\/prueba.jewishspain.info\/index.php?rest_route=\/wp\/v2\/types\/page"}],"author":[{"embeddable":true,"href":"http:\/\/prueba.jewishspain.info\/index.php?rest_route=\/wp\/v2\/users\/1"}],"replies":[{"embeddable":true,"href":"http:\/\/prueba.jewishspain.info\/index.php?rest_route=%2Fwp%2Fv2%2Fcomments&post=17"}],"version-history":[{"count":7,"href":"http:\/\/prueba.jewishspain.info\/index.php?rest_route=\/wp\/v2\/pages\/17\/revisions"}],"predecessor-version":[{"id":279,"href":"http:\/\/prueba.jewishspain.info\/index.php?rest_route=\/wp\/v2\/pages\/17\/revisions\/279"}],"wp:attachment":[{"href":"http:\/\/prueba.jewishspain.info\/index.php?rest_route=%2Fwp%2Fv2%2Fmedia&parent=17"}],"curies":[{"name":"wp","href":"https:\/\/api.w.org\/{rel}","templated":true}]}}