{"id":11,"date":"2015-01-15T16:34:02","date_gmt":"2015-01-15T16:34:02","guid":{"rendered":"http:\/\/prueba.jewishspain.info\/?page_id=11"},"modified":"2015-03-03T09:07:23","modified_gmt":"2015-03-03T09:07:23","slug":"congregaciones","status":"publish","type":"page","link":"http:\/\/prueba.jewishspain.info\/?page_id=11","title":{"rendered":"Congregations"},"content":{"rendered":"<p><a href=\"http:\/\/prueba.jewishspain.info\/wp-content\/uploads\/2015\/03\/rollos.jpg\"><img loading=\"lazy\" decoding=\"async\" class=\"alignnone size-full wp-image-422\" src=\"http:\/\/prueba.jewishspain.info\/wp-content\/uploads\/2015\/03\/rollos.jpg\" alt=\"rollos\" width=\"142\" height=\"142\" \/><\/a><\/p>\n<p><strong>ANDALUSIA<br \/>\n<\/strong>Comunidad Jud\u00eda de Sevilla<br \/>\nComunidad Israelita de M\u00e1laga<br \/>\nComunidad Israelita de Torremolinos<br \/>\nComunidad Jud\u00eda de Andaluc\u00eda Beit Rambam<br \/>\nCentro Comunitario Israelita de Marbella<br \/>\nChabad Costa del Sol<\/p>\n<p><strong>ASTURIAS<\/strong><br \/>\nComunidad Jud\u00eda de Asturias, Beit Emunah<\/p>\n<p><strong>BALEARIC ISLANDS<br \/>\n<\/strong>Comunidad Jud\u00eda de les Illes Balears<\/p>\n<p><strong>CATALONIA<br \/>\n<\/strong>Comunidad Israelita de Barcelona<br \/>\nComunitat Jueva ATID de Catalunya, Barcelona<br \/>\nJabad Lubavitch Barcelona<\/p>\n<p><strong>CANARY ISLANDS<br \/>\n<\/strong>Comunidad Israelita de las Palmas de G.C.<br \/>\nComunidad Israelita de Tenerife<\/p>\n<p><strong>CEUTA<\/strong><br \/>\nComunidad Jud\u00eda de Ceuta<\/p>\n<p><strong>MADRID<\/strong><br \/>\nComunidad Jud\u00eda de Madrid &#8220;Bet Yaacov&#8221;<br \/>\nCongregaci\u00f3n Bet-El<br \/>\nBet Jabad of Spain<\/p>\n<p><strong>MELILLA<br \/>\n<\/strong>Comunidad Israelita de Melilla<br \/>\n<span style=\"line-height: 1.5;\">Sinagoga &#8220;Or Zoruah&#8221; \u00a0 T: (34) 952 680 053<\/span><\/p>\n<p><strong>VALENCIA<\/strong><br \/>\nSinagoga La Javur\u00e1<br \/>\nComunidad Jud\u00eda Aviv<br \/>\nComunidad Jud\u00eda de Valencia<br \/>\nJabad Valencia<br \/>\nComunidad Israelita de Alicante, Sinagoga de Benidorm<br \/>\nComunidad Jud\u00eda de Alicante Centro<\/p>\n<p>&nbsp;<\/p>\n","protected":false},"excerpt":{"rendered":"<p>ANDALUSIA Comunidad Jud\u00eda de Sevilla Comunidad Israelita de M\u00e1laga Comunidad Israelita de Torremolinos Comunidad Jud\u00eda de Andaluc\u00eda Beit Rambam Centro Comunitario Israelita de Marbella Chabad Costa del Sol ASTURIAS Comunidad Jud\u00eda de Asturias, Beit Emunah BALEARIC ISLANDS Comunidad Jud\u00eda de les Illes Balears CATALONIA Comunidad Israelita de Barcelona Comunitat Jueva ATID de Catalunya, Barcelona Jabad [&hellip;]<\/p>\n","protected":false},"author":1,"featured_media":0,"parent":0,"menu_order":2,"comment_status":"closed","ping_status":"closed","template":"","meta":{"footnotes":""},"class_list":["post-11","page","type-page","status-publish","hentry"],"_links":{"self":[{"href":"http:\/\/prueba.jewishspain.info\/index.php?rest_route=\/wp\/v2\/pages\/11","targetHints":{"allow":["GET"]}}],"collection":[{"href":"http:\/\/prueba.jewishspain.info\/index.php?rest_route=\/wp\/v2\/pages"}],"about":[{"href":"http:\/\/prueba.jewishspain.info\/index.php?rest_route=\/wp\/v2\/types\/page"}],"author":[{"embeddable":true,"href":"http:\/\/prueba.jewishspain.info\/index.php?rest_route=\/wp\/v2\/users\/1"}],"replies":[{"embeddable":true,"href":"http:\/\/prueba.jewishspain.info\/index.php?rest_route=%2Fwp%2Fv2%2Fcomments&post=11"}],"version-history":[{"count":17,"href":"http:\/\/prueba.jewishspain.info\/index.php?rest_route=\/wp\/v2\/pages\/11\/revisions"}],"predecessor-version":[{"id":424,"href":"http:\/\/prueba.jewishspain.info\/index.php?rest_route=\/wp\/v2\/pages\/11\/revisions\/424"}],"wp:attachment":[{"href":"http:\/\/prueba.jewishspain.info\/index.php?rest_route=%2Fwp%2Fv2%2Fmedia&parent=11"}],"curies":[{"name":"wp","href":"https:\/\/api.w.org\/{rel}","templated":true}]}}